{"id":9,"date":"2019-07-31T15:34:07","date_gmt":"2019-07-31T15:34:07","guid":{"rendered":"http:\/\/standup-physio.de\/?page_id=9"},"modified":"2025-08-12T17:34:49","modified_gmt":"2025-08-12T15:34:49","slug":"impressum","status":"publish","type":"page","link":"https:\/\/standup-physio.de\/?page_id=9","title":{"rendered":"Impressum"},"content":{"rendered":"\n<p>Alle verwendete Firmen-, Markennamen und Warenzeichen sind Eigentum der jeweiligen Inhaber und dienen lediglich zur Identifikation und Beschreibung der Produkte und Dienstleistungen. Eine Haftung f\u00fcr Richtigkeit, Vollst\u00e4ndigkeit und Aktualit\u00e4t wird nicht \u00fcbernommen. <br><br>Haftungshinweis: <br>Trotz sorgf\u00e4ltiger inhaltlicher Kontrolle \u00fcbernehmen wir keine Haftung f\u00fcr die Inhalte externer Links. F\u00fcr den Inhalt der verlinkten Seiten sind nur deren Betreiber verantwortlich. Es kann keine Verantwortung f\u00fcr Sch\u00e4den \u00fcbernommen werden, die durch das Vertrauen auf die Inhalte dieser Website oder deren Gebrauch entstehen.<\/p>\n\n\n\n<p><\/p>\n\n\n\n<p style=\"line-height:1.45\"><strong>praxis f\u00fcr physiotherapie<\/strong> <br><strong>privatpraxis mit bg-zulassung<\/strong><\/p>\n\n\n\n<p style=\"line-height:1.5\"><strong>j\u00f6rg drescher<br><\/strong>in praxisgemeinschaft:<br>tanja rath, kathrin nitzler, jens hoffmann<br><strong>Mont-Cenis-Str. 59<\/strong><br><strong>44623 Herne<\/strong><\/p>\n\n\n\n<p>tel.:&nbsp; 02323-1377299<br>fax.: 02323-1377212<br>E-Mail:&nbsp;<a href=\"mailto:info@standup-physio.de\">info@standup-physio.de<\/a><\/p>\n\n\n<!-- wp:themify-builder\/canvas \/-->","protected":false},"excerpt":{"rendered":"<p>Alle verwendete Firmen-, Markennamen und Warenzeichen sind Eigentum der jeweiligen Inhaber und dienen lediglich zur Identifikation und Beschreibung der Produkte und Dienstleistungen. Eine Haftung f\u00fcr Richtigkeit, Vollst\u00e4ndigkeit und Aktualit\u00e4t wird nicht \u00fcbernommen. Haftungshinweis: Trotz sorgf\u00e4ltiger inhaltlicher Kontrolle \u00fcbernehmen wir keine Haftung f\u00fcr die Inhalte externer Links. F\u00fcr den Inhalt der verlinkten Seiten sind nur deren &hellip; <\/p>\n<p class=\"link-more\"><a href=\"https:\/\/standup-physio.de\/?page_id=9\" class=\"more-link\"><span class=\"screen-reader-text\">\u201eImpressum\u201c <\/span>weiterlesen<\/a><\/p>\n","protected":false},"author":1,"featured_media":0,"parent":0,"menu_order":0,"comment_status":"closed","ping_status":"closed","template":"","meta":{"footnotes":""},"class_list":["post-9","page","type-page","status-publish","hentry"],"builder_content":"","_links":{"self":[{"href":"https:\/\/standup-physio.de\/index.php?rest_route=\/wp\/v2\/pages\/9","targetHints":{"allow":["GET"]}}],"collection":[{"href":"https:\/\/standup-physio.de\/index.php?rest_route=\/wp\/v2\/pages"}],"about":[{"href":"https:\/\/standup-physio.de\/index.php?rest_route=\/wp\/v2\/types\/page"}],"author":[{"embeddable":true,"href":"https:\/\/standup-physio.de\/index.php?rest_route=\/wp\/v2\/users\/1"}],"replies":[{"embeddable":true,"href":"https:\/\/standup-physio.de\/index.php?rest_route=%2Fwp%2Fv2%2Fcomments&post=9"}],"version-history":[{"count":0,"href":"https:\/\/standup-physio.de\/index.php?rest_route=\/wp\/v2\/pages\/9\/revisions"}],"wp:attachment":[{"href":"https:\/\/standup-physio.de\/index.php?rest_route=%2Fwp%2Fv2%2Fmedia&parent=9"}],"curies":[{"name":"wp","href":"https:\/\/api.w.org\/{rel}","templated":true}]}}